{"id":1346,"date":"2025-12-02T18:04:30","date_gmt":"2025-12-02T18:04:30","guid":{"rendered":"https:\/\/funeraldardha.com\/?page_id=1346"},"modified":"2025-12-02T18:04:30","modified_gmt":"2025-12-02T18:04:30","slug":"chi-e-funeral-dardha","status":"publish","type":"page","link":"https:\/\/funeraldardha.com\/it\/chi-e-funeral-dardha\/","title":{"rendered":"Chi \u00e8 Funeral Dardha"},"content":{"rendered":"<div data-elementor-type=\"wp-page\" data-elementor-id=\"1346\" class=\"elementor elementor-1346\">\n\t\t\t\t<div class=\"elementor-element elementor-element-55b7a04 e-flex e-con-boxed e-con e-parent\" data-id=\"55b7a04\" data-element_type=\"container\" data-e-type=\"container\" data-settings=\"{&quot;background_background&quot;:&quot;classic&quot;}\">\n\t\t\t\t\t<div class=\"e-con-inner\">\n\t\t\t\t<div class=\"elementor-element elementor-element-dddb815 elementor-widget elementor-widget-heading\" data-id=\"dddb815\" data-element_type=\"widget\" data-e-type=\"widget\" data-widget_type=\"heading.default\">\n\t\t\t\t\t<h2 class=\"elementor-heading-title elementor-size-default\">Chi Siamo<\/h2>\t\t\t\t<\/div>\n\t\t\t\t<div class=\"elementor-element elementor-element-1ed0627 elementor-widget__width-initial elementor-widget elementor-widget-text-editor\" data-id=\"1ed0627\" data-element_type=\"widget\" data-e-type=\"widget\" data-widget_type=\"text-editor.default\">\n\t\t\t\t\t\t\t\t\t<p data-start=\"396\" data-end=\"679\"><strong data-start=\"396\" data-end=\"679\">Funeral Dardha \u00e8 stata fondata nel 1998 e da allora \u00e8 accanto alle famiglie nei momenti pi\u00f9 difficili della vita.\nCon professionalit\u00e0, dedizione e profondo rispetto, offriamo servizi funebri completi in Italia e in Albania, garantendo un\u2019assistenza attenta e curata in ogni dettaglio.<\/strong><\/p>\t\t\t\t\t\t\t\t<\/div>\n\t\t\t\t<div class=\"elementor-element elementor-element-b88e539 elementor-mobile-align-center elementor-align-center elementor-widget elementor-widget-button\" data-id=\"b88e539\" data-element_type=\"widget\" data-e-type=\"widget\" data-widget_type=\"button.default\">\n\t\t\t\t\t\t\t\t\t\t<a class=\"elementor-button elementor-button-link elementor-size-md\" href=\"#\">\n\t\t\t\t\t\t<span class=\"elementor-button-content-wrapper\">\n\t\t\t\t\t\t<span class=\"elementor-button-icon\">\n\t\t\t\t<svg aria-hidden=\"true\" class=\"e-font-icon-svg e-fas-phone-square\" viewbox=\"0 0 448 512\" xmlns=\"http:\/\/www.w3.org\/2000\/svg\"><path d=\"M400 32H48C21.49 32 0 53.49 0 80v352c0 26.51 21.49 48 48 48h352c26.51 0 48-21.49 48-48V80c0-26.51-21.49-48-48-48zM94 416c-7.033 0-13.057-4.873-14.616-11.627l-14.998-65a15 15 0 0 1 8.707-17.16l69.998-29.999a15 15 0 0 1 17.518 4.289l30.997 37.885c48.944-22.963 88.297-62.858 110.781-110.78l-37.886-30.997a15.001 15.001 0 0 1-4.289-17.518l30-69.998a15 15 0 0 1 17.16-8.707l65 14.998A14.997 14.997 0 0 1 384 126c0 160.292-129.945 290-290 290z\"><\/path><\/svg>\t\t\t<\/span>\n\t\t\t\t\t\t\t\t\t<span class=\"elementor-button-text\">WhatsApp<\/span>\n\t\t\t\t\t<\/span>\n\t\t\t\t\t<\/a>\n\t\t\t\t\t\t\t\t<\/div>\n\t\t\t\t\t<\/div>\n\t\t\t\t<\/div>\n\t\t<div class=\"elementor-element elementor-element-d59b0cb e-flex e-con-boxed e-con e-parent\" data-id=\"d59b0cb\" data-element_type=\"container\" data-e-type=\"container\">\n\t\t\t\t\t<div class=\"e-con-inner\">\n\t\t<div class=\"elementor-element elementor-element-e55f7a6 e-con-full e-flex e-con e-child\" data-id=\"e55f7a6\" data-element_type=\"container\" data-e-type=\"container\">\n\t\t\t\t<div class=\"elementor-element elementor-element-32dfca5 elementor-widget elementor-widget-heading\" data-id=\"32dfca5\" data-element_type=\"widget\" data-e-type=\"widget\" data-widget_type=\"heading.default\">\n\t\t\t\t\t<h2 class=\"elementor-heading-title elementor-size-default\">Trasporto Funebre Internazionale\n<\/h2>\t\t\t\t<\/div>\n\t\t\t\t<div class=\"elementor-element elementor-element-a7dec03 elementor-widget elementor-widget-text-editor\" data-id=\"a7dec03\" data-element_type=\"widget\" data-e-type=\"widget\" data-widget_type=\"text-editor.default\">\n\t\t\t\t\t\t\t\t\t<p>Funeral Dardha offre servizi specializzati per il trasporto funebre internazionale dall\u2019Italia verso l\u2019Albania, il Kosovo e la Macedonia del Nord.\nCi occupiamo di ogni fase del processo: procedure, preparazione della documentazione, passaporto mortuario e organizzazione del trasporto terrestre o aereo.<\/p>\n<p>Il nostro team garantisce sicurezza, discrezione e attenzione massima, sostenendo le famiglie nei momenti pi\u00f9 delicati e assicurando un viaggio sereno e rispettoso per il caro defunto.<\/p>\t\t\t\t\t\t\t\t<\/div>\n\t\t\t\t<\/div>\n\t\t<div class=\"elementor-element elementor-element-6093a4e e-con-full e-flex e-con e-child\" data-id=\"6093a4e\" data-element_type=\"container\" data-e-type=\"container\" data-settings=\"{&quot;background_background&quot;:&quot;classic&quot;}\">\n\t\t\t\t<\/div>\n\t\t\t\t\t<\/div>\n\t\t\t\t<\/div>\n\t\t<div class=\"elementor-element elementor-element-1842075 elementor-hidden-desktop elementor-hidden-tablet e-flex e-con-boxed e-con e-parent\" data-id=\"1842075\" data-element_type=\"container\" data-e-type=\"container\">\n\t\t\t\t\t<div class=\"e-con-inner\">\n\t\t<div class=\"elementor-element elementor-element-3d0bdb3 e-con-full e-flex e-con e-child\" data-id=\"3d0bdb3\" data-element_type=\"container\" data-e-type=\"container\">\n\t\t\t\t<div class=\"elementor-element elementor-element-5be45ef elementor-widget elementor-widget-heading\" data-id=\"5be45ef\" data-element_type=\"widget\" data-e-type=\"widget\" data-widget_type=\"heading.default\">\n\t\t\t\t\t<h2 class=\"elementor-heading-title elementor-size-default\">Servizi Funerari<\/h2>\t\t\t\t<\/div>\n\t\t\t\t<div class=\"elementor-element elementor-element-5548466 elementor-widget elementor-widget-text-editor\" data-id=\"5548466\" data-element_type=\"widget\" data-e-type=\"widget\" data-widget_type=\"text-editor.default\">\n\t\t\t\t\t\t\t\t\t<p>Con oltre 25 anni di esperienza, Funeral Dardha offre servizi funebri completi con dignit\u00e0 e professionalit\u00e0.\nDalla vestizione e preparazione della salma, alle cerimonie religiose (cristiane, ortodosse, musulmane), alle decorazioni floreali, fino all\u2019organizzazione della camera ardente \u2014 tutto viene seguito con cura e rispetto.<\/p>\n<p>Assistiamo le famiglie anche per documentazione, cremazione, esumazioni, rimpatri e coordinamento completo dei servizi secondo le tradizioni e i desideri familiari.<\/p>\t\t\t\t\t\t\t\t<\/div>\n\t\t\t\t<\/div>\n\t\t<div class=\"elementor-element elementor-element-d33c81b e-con-full e-flex e-con e-child\" data-id=\"d33c81b\" data-element_type=\"container\" data-e-type=\"container\" data-settings=\"{&quot;background_background&quot;:&quot;classic&quot;}\">\n\t\t\t\t<\/div>\n\t\t\t\t\t<\/div>\n\t\t\t\t<\/div>\n\t\t<div class=\"elementor-element elementor-element-962ad77 elementor-hidden-mobile e-flex e-con-boxed e-con e-parent\" data-id=\"962ad77\" data-element_type=\"container\" data-e-type=\"container\">\n\t\t\t\t\t<div class=\"e-con-inner\">\n\t\t<div class=\"elementor-element elementor-element-4b8d2fc e-con-full e-flex e-con e-child\" data-id=\"4b8d2fc\" data-element_type=\"container\" data-e-type=\"container\" data-settings=\"{&quot;background_background&quot;:&quot;classic&quot;}\">\n\t\t\t\t<\/div>\n\t\t<div class=\"elementor-element elementor-element-5af0957 e-con-full e-flex e-con e-child\" data-id=\"5af0957\" data-element_type=\"container\" data-e-type=\"container\">\n\t\t\t\t<div class=\"elementor-element elementor-element-8e1b2fd elementor-widget elementor-widget-heading\" data-id=\"8e1b2fd\" data-element_type=\"widget\" data-e-type=\"widget\" data-widget_type=\"heading.default\">\n\t\t\t\t\t<h2 class=\"elementor-heading-title elementor-size-default\">Servizi Funerari<\/h2>\t\t\t\t<\/div>\n\t\t\t\t<div class=\"elementor-element elementor-element-76f7a3c elementor-widget elementor-widget-text-editor\" data-id=\"76f7a3c\" data-element_type=\"widget\" data-e-type=\"widget\" data-widget_type=\"text-editor.default\">\n\t\t\t\t\t\t\t\t\t<p>Con oltre 25 anni di esperienza, Funeral Dardha offre servizi funebri completi con dignit\u00e0 e professionalit\u00e0.\nDalla vestizione e preparazione della salma, alle cerimonie religiose (cristiane, ortodosse, musulmane), alle decorazioni floreali, fino all\u2019organizzazione della camera ardente \u2014 tutto viene seguito con cura e rispetto.<\/p>\n<p>Assistiamo le famiglie anche per documentazione, cremazione, esumazioni, rimpatri e coordinamento completo dei servizi secondo le tradizioni e i desideri familiari.<\/p>\t\t\t\t\t\t\t\t<\/div>\n\t\t\t\t<\/div>\n\t\t\t\t\t<\/div>\n\t\t\t\t<\/div>\n\t\t\t\t<\/div>","protected":false},"excerpt":{"rendered":"<p>Rreth Nesh Funeral Dardha \u00ebsht\u00eb themeluar n\u00eb vitin 1998 dhe prej at\u00ebher\u00eb ka qen\u00eb pran\u00eb familjeve n\u00eb momentet m\u00eb t\u00eb v\u00ebshtira t\u00eb jet\u00ebs. Me profesionaliz\u00ebm, p\u00ebrkushtim dhe respekt t\u00eb thell\u00eb, ofrojm\u00eb sh\u00ebrbime t\u00eb plota funerale n\u00eb Itali dhe Shqip\u00ebri, duke garantuar kujdes t\u00eb plot\u00eb n\u00eb \u00e7do detaj. WhatsApp TRANSPORT ND\u00cbRKOMB\u00cbTAR FUNERAL Funeral Dardha ofron sh\u00ebrbime [&hellip;]<\/p>\n","protected":false},"author":1,"featured_media":1242,"parent":0,"menu_order":0,"comment_status":"closed","ping_status":"closed","template":"","meta":{"footnotes":""},"class_list":["post-1346","page","type-page","status-publish","has-post-thumbnail","hentry"],"blocksy_meta":{"styles_descriptor":{"styles":{"desktop":"","tablet":"","mobile":""},"google_fonts":[],"version":6}},"yoast_head":"<!-- This site is optimized with the Yoast SEO plugin v27.2 - https:\/\/yoast.com\/product\/yoast-seo-wordpress\/ -->\n<title>Rreth Funeral Dardha - Funeral Dardha<\/title>\n<meta name=\"robots\" content=\"index, follow, max-snippet:-1, max-image-preview:large, max-video-preview:-1\" \/>\n<link rel=\"canonical\" href=\"https:\/\/funeraldardha.com\/it\/chi-e-funeral-dardha\/\" \/>\n<meta property=\"og:locale\" content=\"it_IT\" \/>\n<meta property=\"og:type\" content=\"article\" \/>\n<meta property=\"og:title\" content=\"Rreth Funeral Dardha - Funeral Dardha\" \/>\n<meta property=\"og:description\" content=\"Rreth Nesh Funeral Dardha \u00ebsht\u00eb themeluar n\u00eb vitin 1998 dhe prej at\u00ebher\u00eb ka qen\u00eb pran\u00eb familjeve n\u00eb momentet m\u00eb t\u00eb v\u00ebshtira t\u00eb jet\u00ebs. Me profesionaliz\u00ebm, p\u00ebrkushtim dhe respekt t\u00eb thell\u00eb, ofrojm\u00eb sh\u00ebrbime t\u00eb plota funerale n\u00eb Itali dhe Shqip\u00ebri, duke garantuar kujdes t\u00eb plot\u00eb n\u00eb \u00e7do detaj. WhatsApp TRANSPORT ND\u00cbRKOMB\u00cbTAR FUNERAL Funeral Dardha ofron sh\u00ebrbime [&hellip;]\" \/>\n<meta property=\"og:url\" content=\"https:\/\/funeraldardha.com\/it\/chi-e-funeral-dardha\/\" \/>\n<meta property=\"og:site_name\" content=\"Funeral Dardha\" \/>\n<meta property=\"og:image\" content=\"https:\/\/funeraldardha.com\/wp-content\/uploads\/2025\/12\/bg-1-scaled.jpg\" \/>\n\t<meta property=\"og:image:width\" content=\"2560\" \/>\n\t<meta property=\"og:image:height\" content=\"1440\" \/>\n\t<meta property=\"og:image:type\" content=\"image\/jpeg\" \/>\n<meta name=\"twitter:card\" content=\"summary_large_image\" \/>\n<meta name=\"twitter:label1\" content=\"Tempo di lettura stimato\" \/>\n\t<meta name=\"twitter:data1\" content=\"1 minuto\" \/>\n<script type=\"application\/ld+json\" class=\"yoast-schema-graph\">{\"@context\":\"https:\/\/schema.org\",\"@graph\":[{\"@type\":\"WebPage\",\"@id\":\"https:\/\/funeraldardha.com\/rreth-funeral-dardha\/\",\"url\":\"https:\/\/funeraldardha.com\/rreth-funeral-dardha\/\",\"name\":\"Rreth Funeral Dardha - Funeral Dardha\",\"isPartOf\":{\"@id\":\"https:\/\/funeraldardha.com\/#website\"},\"primaryImageOfPage\":{\"@id\":\"https:\/\/funeraldardha.com\/rreth-funeral-dardha\/#primaryimage\"},\"image\":{\"@id\":\"https:\/\/funeraldardha.com\/rreth-funeral-dardha\/#primaryimage\"},\"thumbnailUrl\":\"https:\/\/funeraldardha.com\/wp-content\/uploads\/2025\/12\/bg-1-scaled.jpg\",\"datePublished\":\"2025-12-02T18:04:30+00:00\",\"breadcrumb\":{\"@id\":\"https:\/\/funeraldardha.com\/rreth-funeral-dardha\/#breadcrumb\"},\"inLanguage\":\"it-IT\",\"potentialAction\":[{\"@type\":\"ReadAction\",\"target\":[\"https:\/\/funeraldardha.com\/rreth-funeral-dardha\/\"]}]},{\"@type\":\"ImageObject\",\"inLanguage\":\"it-IT\",\"@id\":\"https:\/\/funeraldardha.com\/rreth-funeral-dardha\/#primaryimage\",\"url\":\"https:\/\/funeraldardha.com\/wp-content\/uploads\/2025\/12\/bg-1-scaled.jpg\",\"contentUrl\":\"https:\/\/funeraldardha.com\/wp-content\/uploads\/2025\/12\/bg-1-scaled.jpg\",\"width\":2560,\"height\":1440},{\"@type\":\"BreadcrumbList\",\"@id\":\"https:\/\/funeraldardha.com\/rreth-funeral-dardha\/#breadcrumb\",\"itemListElement\":[{\"@type\":\"ListItem\",\"position\":1,\"name\":\"Home\",\"item\":\"https:\/\/funeraldardha.com\/\"},{\"@type\":\"ListItem\",\"position\":2,\"name\":\"Rreth Funeral Dardha\"}]},{\"@type\":\"WebSite\",\"@id\":\"https:\/\/funeraldardha.com\/#website\",\"url\":\"https:\/\/funeraldardha.com\/\",\"name\":\"Funeral Dardha\",\"description\":\"\",\"publisher\":{\"@id\":\"https:\/\/funeraldardha.com\/#organization\"},\"potentialAction\":[{\"@type\":\"SearchAction\",\"target\":{\"@type\":\"EntryPoint\",\"urlTemplate\":\"https:\/\/funeraldardha.com\/?s={search_term_string}\"},\"query-input\":{\"@type\":\"PropertyValueSpecification\",\"valueRequired\":true,\"valueName\":\"search_term_string\"}}],\"inLanguage\":\"it-IT\"},{\"@type\":\"Organization\",\"@id\":\"https:\/\/funeraldardha.com\/#organization\",\"name\":\"Funeral Dardha\",\"url\":\"https:\/\/funeraldardha.com\/\",\"logo\":{\"@type\":\"ImageObject\",\"inLanguage\":\"it-IT\",\"@id\":\"https:\/\/funeraldardha.com\/#\/schema\/logo\/image\/\",\"url\":\"https:\/\/funeraldardha.com\/wp-content\/uploads\/2025\/12\/funeral-dardha-logo-e1765227033328.webp\",\"contentUrl\":\"https:\/\/funeraldardha.com\/wp-content\/uploads\/2025\/12\/funeral-dardha-logo-e1765227033328.webp\",\"width\":580,\"height\":473,\"caption\":\"Funeral Dardha\"},\"image\":{\"@id\":\"https:\/\/funeraldardha.com\/#\/schema\/logo\/image\/\"}}]}<\/script>\n<!-- \/ Yoast SEO plugin. -->","yoast_head_json":{"title":"Rreth Funeral Dardha - Funeral Dardha","robots":{"index":"index","follow":"follow","max-snippet":"max-snippet:-1","max-image-preview":"max-image-preview:large","max-video-preview":"max-video-preview:-1"},"canonical":"https:\/\/funeraldardha.com\/it\/chi-e-funeral-dardha\/","og_locale":"it_IT","og_type":"article","og_title":"Rreth Funeral Dardha - Funeral Dardha","og_description":"Rreth Nesh Funeral Dardha \u00ebsht\u00eb themeluar n\u00eb vitin 1998 dhe prej at\u00ebher\u00eb ka qen\u00eb pran\u00eb familjeve n\u00eb momentet m\u00eb t\u00eb v\u00ebshtira t\u00eb jet\u00ebs. Me profesionaliz\u00ebm, p\u00ebrkushtim dhe respekt t\u00eb thell\u00eb, ofrojm\u00eb sh\u00ebrbime t\u00eb plota funerale n\u00eb Itali dhe Shqip\u00ebri, duke garantuar kujdes t\u00eb plot\u00eb n\u00eb \u00e7do detaj. WhatsApp TRANSPORT ND\u00cbRKOMB\u00cbTAR FUNERAL Funeral Dardha ofron sh\u00ebrbime [&hellip;]","og_url":"https:\/\/funeraldardha.com\/it\/chi-e-funeral-dardha\/","og_site_name":"Funeral Dardha","og_image":[{"width":2560,"height":1440,"url":"https:\/\/funeraldardha.com\/wp-content\/uploads\/2025\/12\/bg-1-scaled.jpg","type":"image\/jpeg"}],"twitter_card":"summary_large_image","twitter_misc":{"Tempo di lettura stimato":"1 minuto"},"schema":{"@context":"https:\/\/schema.org","@graph":[{"@type":"WebPage","@id":"https:\/\/funeraldardha.com\/rreth-funeral-dardha\/","url":"https:\/\/funeraldardha.com\/rreth-funeral-dardha\/","name":"Rreth Funeral Dardha - Funeral Dardha","isPartOf":{"@id":"https:\/\/funeraldardha.com\/#website"},"primaryImageOfPage":{"@id":"https:\/\/funeraldardha.com\/rreth-funeral-dardha\/#primaryimage"},"image":{"@id":"https:\/\/funeraldardha.com\/rreth-funeral-dardha\/#primaryimage"},"thumbnailUrl":"https:\/\/funeraldardha.com\/wp-content\/uploads\/2025\/12\/bg-1-scaled.jpg","datePublished":"2025-12-02T18:04:30+00:00","breadcrumb":{"@id":"https:\/\/funeraldardha.com\/rreth-funeral-dardha\/#breadcrumb"},"inLanguage":"it-IT","potentialAction":[{"@type":"ReadAction","target":["https:\/\/funeraldardha.com\/rreth-funeral-dardha\/"]}]},{"@type":"ImageObject","inLanguage":"it-IT","@id":"https:\/\/funeraldardha.com\/rreth-funeral-dardha\/#primaryimage","url":"https:\/\/funeraldardha.com\/wp-content\/uploads\/2025\/12\/bg-1-scaled.jpg","contentUrl":"https:\/\/funeraldardha.com\/wp-content\/uploads\/2025\/12\/bg-1-scaled.jpg","width":2560,"height":1440},{"@type":"BreadcrumbList","@id":"https:\/\/funeraldardha.com\/rreth-funeral-dardha\/#breadcrumb","itemListElement":[{"@type":"ListItem","position":1,"name":"Home","item":"https:\/\/funeraldardha.com\/"},{"@type":"ListItem","position":2,"name":"Rreth Funeral Dardha"}]},{"@type":"WebSite","@id":"https:\/\/funeraldardha.com\/#website","url":"https:\/\/funeraldardha.com\/","name":"Funeral Dardha","description":"","publisher":{"@id":"https:\/\/funeraldardha.com\/#organization"},"potentialAction":[{"@type":"SearchAction","target":{"@type":"EntryPoint","urlTemplate":"https:\/\/funeraldardha.com\/?s={search_term_string}"},"query-input":{"@type":"PropertyValueSpecification","valueRequired":true,"valueName":"search_term_string"}}],"inLanguage":"it-IT"},{"@type":"Organization","@id":"https:\/\/funeraldardha.com\/#organization","name":"Funeral Dardha","url":"https:\/\/funeraldardha.com\/","logo":{"@type":"ImageObject","inLanguage":"it-IT","@id":"https:\/\/funeraldardha.com\/#\/schema\/logo\/image\/","url":"https:\/\/funeraldardha.com\/wp-content\/uploads\/2025\/12\/funeral-dardha-logo-e1765227033328.webp","contentUrl":"https:\/\/funeraldardha.com\/wp-content\/uploads\/2025\/12\/funeral-dardha-logo-e1765227033328.webp","width":580,"height":473,"caption":"Funeral Dardha"},"image":{"@id":"https:\/\/funeraldardha.com\/#\/schema\/logo\/image\/"}}]}},"_links":{"self":[{"href":"https:\/\/funeraldardha.com\/it\/wp-json\/wp\/v2\/pages\/1346","targetHints":{"allow":["GET"]}}],"collection":[{"href":"https:\/\/funeraldardha.com\/it\/wp-json\/wp\/v2\/pages"}],"about":[{"href":"https:\/\/funeraldardha.com\/it\/wp-json\/wp\/v2\/types\/page"}],"author":[{"embeddable":true,"href":"https:\/\/funeraldardha.com\/it\/wp-json\/wp\/v2\/users\/1"}],"replies":[{"embeddable":true,"href":"https:\/\/funeraldardha.com\/it\/wp-json\/wp\/v2\/comments?post=1346"}],"version-history":[{"count":1,"href":"https:\/\/funeraldardha.com\/it\/wp-json\/wp\/v2\/pages\/1346\/revisions"}],"predecessor-version":[{"id":1360,"href":"https:\/\/funeraldardha.com\/it\/wp-json\/wp\/v2\/pages\/1346\/revisions\/1360"}],"wp:featuredmedia":[{"embeddable":true,"href":"https:\/\/funeraldardha.com\/it\/wp-json\/wp\/v2\/media\/1242"}],"wp:attachment":[{"href":"https:\/\/funeraldardha.com\/it\/wp-json\/wp\/v2\/media?parent=1346"}],"curies":[{"name":"wp","href":"https:\/\/api.w.org\/{rel}","templated":true}]}}