{"id":1469,"date":"2025-12-05T22:33:18","date_gmt":"2025-12-05T22:33:18","guid":{"rendered":"https:\/\/funeraldardha.com\/?page_id=1469"},"modified":"2025-12-08T12:54:41","modified_gmt":"2025-12-08T12:54:41","slug":"lapidi-e-monumenti","status":"publish","type":"page","link":"https:\/\/funeraldardha.com\/it\/lapidi-e-monumenti\/","title":{"rendered":"Lapidi &amp; Monumenti"},"content":{"rendered":"<div data-elementor-type=\"wp-page\" data-elementor-id=\"1469\" class=\"elementor elementor-1469\">\n\t\t\t\t<div class=\"elementor-element elementor-element-55b7a04 e-flex e-con-boxed e-con e-parent\" data-id=\"55b7a04\" data-element_type=\"container\" data-e-type=\"container\" data-settings=\"{&quot;background_background&quot;:&quot;classic&quot;}\">\n\t\t\t\t\t<div class=\"e-con-inner\">\n\t\t\t\t<div class=\"elementor-element elementor-element-1ed0627 elementor-widget__width-initial elementor-widget elementor-widget-text-editor\" data-id=\"1ed0627\" data-element_type=\"widget\" data-e-type=\"widget\" data-widget_type=\"text-editor.default\">\n\t\t\t\t\t\t\t\t\t<p data-start=\"286\" data-end=\"611\"><strong data-start=\"286\" data-end=\"611\">Funeral Dardha offre lapidi e monumenti funerari realizzati con cura, maestria artigianale e materiali di alta qualit\u00e0, per onorare con profondo rispetto la memoria del defunto.\nPersonalizzabili secondo le richieste della famiglia, i nostri monumenti sono pensati per creare uno spazio sereno e dignitoso che duri nel tempo.<\/strong><\/p>\t\t\t\t\t\t\t\t<\/div>\n\t\t\t\t<div class=\"elementor-element elementor-element-b88e539 elementor-mobile-align-center elementor-align-center elementor-widget elementor-widget-button\" data-id=\"b88e539\" data-element_type=\"widget\" data-e-type=\"widget\" data-settings=\"{&quot;_animation_mobile&quot;:&quot;bounceIn&quot;}\" data-widget_type=\"button.default\">\n\t\t\t\t\t\t\t\t\t\t<a class=\"elementor-button elementor-button-link elementor-size-md\" href=\"https:\/\/wa.me\/+393391823603\">\n\t\t\t\t\t\t<span class=\"elementor-button-content-wrapper\">\n\t\t\t\t\t\t<span class=\"elementor-button-icon\">\n\t\t\t\t<svg aria-hidden=\"true\" class=\"e-font-icon-svg e-fas-phone-square\" viewbox=\"0 0 448 512\" xmlns=\"http:\/\/www.w3.org\/2000\/svg\"><path d=\"M400 32H48C21.49 32 0 53.49 0 80v352c0 26.51 21.49 48 48 48h352c26.51 0 48-21.49 48-48V80c0-26.51-21.49-48-48-48zM94 416c-7.033 0-13.057-4.873-14.616-11.627l-14.998-65a15 15 0 0 1 8.707-17.16l69.998-29.999a15 15 0 0 1 17.518 4.289l30.997 37.885c48.944-22.963 88.297-62.858 110.781-110.78l-37.886-30.997a15.001 15.001 0 0 1-4.289-17.518l30-69.998a15 15 0 0 1 17.16-8.707l65 14.998A14.997 14.997 0 0 1 384 126c0 160.292-129.945 290-290 290z\"><\/path><\/svg>\t\t\t<\/span>\n\t\t\t\t\t\t\t\t\t<span class=\"elementor-button-text\">WhatsApp<\/span>\n\t\t\t\t\t<\/span>\n\t\t\t\t\t<\/a>\n\t\t\t\t\t\t\t\t<\/div>\n\t\t\t\t\t<\/div>\n\t\t\t\t<\/div>\n\t\t<div class=\"elementor-element elementor-element-d59b0cb e-flex e-con-boxed e-con e-parent\" data-id=\"d59b0cb\" data-element_type=\"container\" data-e-type=\"container\" data-settings=\"{&quot;animation_mobile&quot;:&quot;fadeInLeft&quot;}\">\n\t\t\t\t\t<div class=\"e-con-inner\">\n\t\t<div class=\"elementor-element elementor-element-e55f7a6 e-con-full e-flex e-con e-child\" data-id=\"e55f7a6\" data-element_type=\"container\" data-e-type=\"container\">\n\t\t\t\t<div class=\"elementor-element elementor-element-32dfca5 elementor-widget elementor-widget-heading\" data-id=\"32dfca5\" data-element_type=\"widget\" data-e-type=\"widget\" data-widget_type=\"heading.default\">\n\t\t\t\t\t<h2 class=\"elementor-heading-title elementor-size-default\">Monumenti e Memoriali Personalizzati<\/h2>\t\t\t\t<\/div>\n\t\t\t\t<div class=\"elementor-element elementor-element-a7dec03 elementor-widget elementor-widget-text-editor\" data-id=\"a7dec03\" data-element_type=\"widget\" data-e-type=\"widget\" data-widget_type=\"text-editor.default\">\n\t\t\t\t\t\t\t\t\t<p>Per le famiglie che desiderano uno spazio commemorativo unico, offriamo monumenti e memoriali personalizzati, progettati secondo tradizioni, stile e preferenze familiari.<br \/>I monumenti possono essere realizzati in marmo, granito o altri materiali durevoli.<\/p><p>La personalizzazione include:<\/p><p>Sculture o elementi ornamentali decorativi<\/p><p>Incisioni e bassorilievi personalizzati<\/p><p>Materiali e forme differenti<\/p><p>Simboli religiosi o familiari <br \/>I nostri monumenti sono progettati per diventare un luogo di memoria permanente, che onori in modo dignitoso e indimenticabile il ricordo del defunto.<\/p>\t\t\t\t\t\t\t\t<\/div>\n\t\t\t\t<\/div>\n\t\t<div class=\"elementor-element elementor-element-6093a4e e-con-full e-flex e-con e-child\" data-id=\"6093a4e\" data-element_type=\"container\" data-e-type=\"container\" data-settings=\"{&quot;background_background&quot;:&quot;classic&quot;}\">\n\t\t\t\t<\/div>\n\t\t\t\t\t<\/div>\n\t\t\t\t<\/div>\n\t\t<div class=\"elementor-element elementor-element-1842075 elementor-hidden-desktop elementor-hidden-tablet e-flex e-con-boxed e-con e-parent\" data-id=\"1842075\" data-element_type=\"container\" data-e-type=\"container\" data-settings=\"{&quot;animation_mobile&quot;:&quot;fadeInRight&quot;}\">\n\t\t\t\t\t<div class=\"e-con-inner\">\n\t\t<div class=\"elementor-element elementor-element-3d0bdb3 e-con-full e-flex e-con e-child\" data-id=\"3d0bdb3\" data-element_type=\"container\" data-e-type=\"container\">\n\t\t\t\t<div class=\"elementor-element elementor-element-5be45ef elementor-widget elementor-widget-heading\" data-id=\"5be45ef\" data-element_type=\"widget\" data-e-type=\"widget\" data-widget_type=\"heading.default\">\n\t\t\t\t\t<h2 class=\"elementor-heading-title elementor-size-default\">Lapidi Funerarie di Alta Qualit\u00e0<\/h2>\t\t\t\t<\/div>\n\t\t\t\t<div class=\"elementor-element elementor-element-5548466 elementor-widget elementor-widget-text-editor\" data-id=\"5548466\" data-element_type=\"widget\" data-e-type=\"widget\" data-widget_type=\"text-editor.default\">\n\t\t\t\t\t\t\t\t\t<p>Le nostre lapidi sono realizzate con materiali resistenti come marmo, granito o pietra naturale, lavorati con cura per garantire eleganza e durata nel tempo.<br \/>La rifinitura professionale assicura una presentazione pulita e dignitosa, resistente alle condizioni atmosferiche.<\/p><p>Opzioni disponibili:<\/p><p>Lapidi in marmo o granito in varie tonalit\u00e0<\/p><p>Forme classiche o moderne<\/p><p>Incisioni di nomi, date o simboli commemorativi<\/p><p>Placche ornamentali e accessori personalizzati<\/p><p>Ogni lapide \u00e8 realizzata per diventare un simbolo duraturo del ricordo, con il massimo rispetto verso la figura del defunto e i sentimenti della famiglia.<\/p>\t\t\t\t\t\t\t\t<\/div>\n\t\t\t\t<\/div>\n\t\t<div class=\"elementor-element elementor-element-d33c81b e-con-full e-flex e-con e-child\" data-id=\"d33c81b\" data-element_type=\"container\" data-e-type=\"container\" data-settings=\"{&quot;background_background&quot;:&quot;classic&quot;}\">\n\t\t\t\t<\/div>\n\t\t\t\t\t<\/div>\n\t\t\t\t<\/div>\n\t\t<div class=\"elementor-element elementor-element-962ad77 elementor-hidden-mobile e-flex e-con-boxed e-con e-parent\" data-id=\"962ad77\" data-element_type=\"container\" data-e-type=\"container\">\n\t\t\t\t\t<div class=\"e-con-inner\">\n\t\t<div class=\"elementor-element elementor-element-4b8d2fc e-con-full e-flex e-con e-child\" data-id=\"4b8d2fc\" data-element_type=\"container\" data-e-type=\"container\" data-settings=\"{&quot;background_background&quot;:&quot;classic&quot;}\">\n\t\t\t\t<\/div>\n\t\t<div class=\"elementor-element elementor-element-5af0957 e-con-full e-flex e-con e-child\" data-id=\"5af0957\" data-element_type=\"container\" data-e-type=\"container\">\n\t\t\t\t<div class=\"elementor-element elementor-element-8e1b2fd elementor-widget elementor-widget-heading\" data-id=\"8e1b2fd\" data-element_type=\"widget\" data-e-type=\"widget\" data-widget_type=\"heading.default\">\n\t\t\t\t\t<h2 class=\"elementor-heading-title elementor-size-default\">Lapidi Funerarie di Alta Qualit\u00e0<\/h2>\t\t\t\t<\/div>\n\t\t\t\t<div class=\"elementor-element elementor-element-76f7a3c elementor-widget elementor-widget-text-editor\" data-id=\"76f7a3c\" data-element_type=\"widget\" data-e-type=\"widget\" data-widget_type=\"text-editor.default\">\n\t\t\t\t\t\t\t\t\t<p>Le nostre lapidi sono realizzate con materiali resistenti come marmo, granito o pietra naturale, lavorati con cura per garantire eleganza e durata nel tempo.<br \/>La rifinitura professionale assicura una presentazione pulita e dignitosa, resistente alle condizioni atmosferiche.<\/p><p>Opzioni disponibili:<\/p><p>Lapidi in marmo o granito in varie tonalit\u00e0<\/p><p>Forme classiche o moderne<\/p><p>Incisioni di nomi, date o simboli commemorativi<\/p><p>Placche ornamentali e accessori personalizzati<\/p><p>Ogni lapide \u00e8 realizzata per diventare un simbolo duraturo del ricordo, con il massimo rispetto verso la figura del defunto e i sentimenti della famiglia.<\/p>\t\t\t\t\t\t\t\t<\/div>\n\t\t\t\t<\/div>\n\t\t\t\t\t<\/div>\n\t\t\t\t<\/div>\n\t\t\t\t<\/div>","protected":false},"excerpt":{"rendered":"<p>Funeral Dardha ofron gur\u00eb varresh dhe monumente memoriale t\u00eb punuara me kujdes, mjesht\u00ebri dhe respekt t\u00eb thell\u00eb p\u00ebr kujtimin e t\u00eb ndjerit. T\u00eb realizuara nga materiale cil\u00ebsore dhe t\u00eb personalizueshme sipas k\u00ebrkes\u00ebs s\u00eb familjes, monumentet tona synojn\u00eb t\u00eb krijojn\u00eb nj\u00eb vend nderimi t\u00eb qet\u00eb dhe dinjitoz q\u00eb q\u00ebndron n\u00eb koh\u00eb. WhatsApp Monumente dhe memoriale t\u00eb [&hellip;]<\/p>\n","protected":false},"author":1,"featured_media":1242,"parent":0,"menu_order":0,"comment_status":"closed","ping_status":"closed","template":"","meta":{"footnotes":""},"class_list":["post-1469","page","type-page","status-publish","has-post-thumbnail","hentry"],"blocksy_meta":{"styles_descriptor":{"styles":{"desktop":"","tablet":"","mobile":""},"google_fonts":[],"version":6}},"yoast_head":"<!-- This site is optimized with the Yoast SEO plugin v27.2 - https:\/\/yoast.com\/product\/yoast-seo-wordpress\/ -->\n<title>Gur\u00eb Varresh &amp; Monumente - Funeral Dardha<\/title>\n<meta name=\"robots\" content=\"index, follow, max-snippet:-1, max-image-preview:large, max-video-preview:-1\" \/>\n<link rel=\"canonical\" href=\"https:\/\/funeraldardha.com\/it\/lapidi-e-monumenti\/\" \/>\n<meta property=\"og:locale\" content=\"it_IT\" \/>\n<meta property=\"og:type\" content=\"article\" \/>\n<meta property=\"og:title\" content=\"Gur\u00eb Varresh &amp; Monumente - Funeral Dardha\" \/>\n<meta property=\"og:description\" content=\"Funeral Dardha ofron gur\u00eb varresh dhe monumente memoriale t\u00eb punuara me kujdes, mjesht\u00ebri dhe respekt t\u00eb thell\u00eb p\u00ebr kujtimin e t\u00eb ndjerit. T\u00eb realizuara nga materiale cil\u00ebsore dhe t\u00eb personalizueshme sipas k\u00ebrkes\u00ebs s\u00eb familjes, monumentet tona synojn\u00eb t\u00eb krijojn\u00eb nj\u00eb vend nderimi t\u00eb qet\u00eb dhe dinjitoz q\u00eb q\u00ebndron n\u00eb koh\u00eb. WhatsApp Monumente dhe memoriale t\u00eb [&hellip;]\" \/>\n<meta property=\"og:url\" content=\"https:\/\/funeraldardha.com\/it\/lapidi-e-monumenti\/\" \/>\n<meta property=\"og:site_name\" content=\"Funeral Dardha\" \/>\n<meta property=\"article:modified_time\" content=\"2025-12-08T12:54:41+00:00\" \/>\n<meta property=\"og:image\" content=\"https:\/\/funeraldardha.com\/wp-content\/uploads\/2025\/12\/bg-1-scaled.jpg\" \/>\n\t<meta property=\"og:image:width\" content=\"2560\" \/>\n\t<meta property=\"og:image:height\" content=\"1440\" \/>\n\t<meta property=\"og:image:type\" content=\"image\/jpeg\" \/>\n<meta name=\"twitter:card\" content=\"summary_large_image\" \/>\n<meta name=\"twitter:label1\" content=\"Tempo di lettura stimato\" \/>\n\t<meta name=\"twitter:data1\" content=\"2 minuti\" \/>\n<script type=\"application\/ld+json\" class=\"yoast-schema-graph\">{\"@context\":\"https:\/\/schema.org\",\"@graph\":[{\"@type\":\"WebPage\",\"@id\":\"https:\/\/funeraldardha.com\/gure-varresh-monumente\/\",\"url\":\"https:\/\/funeraldardha.com\/gure-varresh-monumente\/\",\"name\":\"Gur\u00eb Varresh &amp; Monumente - Funeral Dardha\",\"isPartOf\":{\"@id\":\"https:\/\/funeraldardha.com\/#website\"},\"primaryImageOfPage\":{\"@id\":\"https:\/\/funeraldardha.com\/gure-varresh-monumente\/#primaryimage\"},\"image\":{\"@id\":\"https:\/\/funeraldardha.com\/gure-varresh-monumente\/#primaryimage\"},\"thumbnailUrl\":\"https:\/\/funeraldardha.com\/wp-content\/uploads\/2025\/12\/bg-1-scaled.jpg\",\"datePublished\":\"2025-12-05T22:33:18+00:00\",\"dateModified\":\"2025-12-08T12:54:41+00:00\",\"breadcrumb\":{\"@id\":\"https:\/\/funeraldardha.com\/gure-varresh-monumente\/#breadcrumb\"},\"inLanguage\":\"it-IT\",\"potentialAction\":[{\"@type\":\"ReadAction\",\"target\":[\"https:\/\/funeraldardha.com\/gure-varresh-monumente\/\"]}]},{\"@type\":\"ImageObject\",\"inLanguage\":\"it-IT\",\"@id\":\"https:\/\/funeraldardha.com\/gure-varresh-monumente\/#primaryimage\",\"url\":\"https:\/\/funeraldardha.com\/wp-content\/uploads\/2025\/12\/bg-1-scaled.jpg\",\"contentUrl\":\"https:\/\/funeraldardha.com\/wp-content\/uploads\/2025\/12\/bg-1-scaled.jpg\",\"width\":2560,\"height\":1440},{\"@type\":\"BreadcrumbList\",\"@id\":\"https:\/\/funeraldardha.com\/gure-varresh-monumente\/#breadcrumb\",\"itemListElement\":[{\"@type\":\"ListItem\",\"position\":1,\"name\":\"Home\",\"item\":\"https:\/\/funeraldardha.com\/\"},{\"@type\":\"ListItem\",\"position\":2,\"name\":\"Gur\u00eb Varresh &amp; Monumente\"}]},{\"@type\":\"WebSite\",\"@id\":\"https:\/\/funeraldardha.com\/#website\",\"url\":\"https:\/\/funeraldardha.com\/\",\"name\":\"Funeral Dardha\",\"description\":\"\",\"publisher\":{\"@id\":\"https:\/\/funeraldardha.com\/#organization\"},\"potentialAction\":[{\"@type\":\"SearchAction\",\"target\":{\"@type\":\"EntryPoint\",\"urlTemplate\":\"https:\/\/funeraldardha.com\/?s={search_term_string}\"},\"query-input\":{\"@type\":\"PropertyValueSpecification\",\"valueRequired\":true,\"valueName\":\"search_term_string\"}}],\"inLanguage\":\"it-IT\"},{\"@type\":\"Organization\",\"@id\":\"https:\/\/funeraldardha.com\/#organization\",\"name\":\"Funeral Dardha\",\"url\":\"https:\/\/funeraldardha.com\/\",\"logo\":{\"@type\":\"ImageObject\",\"inLanguage\":\"it-IT\",\"@id\":\"https:\/\/funeraldardha.com\/#\/schema\/logo\/image\/\",\"url\":\"https:\/\/funeraldardha.com\/wp-content\/uploads\/2025\/12\/funeral-dardha-logo-e1765227033328.webp\",\"contentUrl\":\"https:\/\/funeraldardha.com\/wp-content\/uploads\/2025\/12\/funeral-dardha-logo-e1765227033328.webp\",\"width\":580,\"height\":473,\"caption\":\"Funeral Dardha\"},\"image\":{\"@id\":\"https:\/\/funeraldardha.com\/#\/schema\/logo\/image\/\"}}]}<\/script>\n<!-- \/ Yoast SEO plugin. -->","yoast_head_json":{"title":"Gur\u00eb Varresh &amp; Monumente - Funeral Dardha","robots":{"index":"index","follow":"follow","max-snippet":"max-snippet:-1","max-image-preview":"max-image-preview:large","max-video-preview":"max-video-preview:-1"},"canonical":"https:\/\/funeraldardha.com\/it\/lapidi-e-monumenti\/","og_locale":"it_IT","og_type":"article","og_title":"Gur\u00eb Varresh &amp; Monumente - Funeral Dardha","og_description":"Funeral Dardha ofron gur\u00eb varresh dhe monumente memoriale t\u00eb punuara me kujdes, mjesht\u00ebri dhe respekt t\u00eb thell\u00eb p\u00ebr kujtimin e t\u00eb ndjerit. T\u00eb realizuara nga materiale cil\u00ebsore dhe t\u00eb personalizueshme sipas k\u00ebrkes\u00ebs s\u00eb familjes, monumentet tona synojn\u00eb t\u00eb krijojn\u00eb nj\u00eb vend nderimi t\u00eb qet\u00eb dhe dinjitoz q\u00eb q\u00ebndron n\u00eb koh\u00eb. WhatsApp Monumente dhe memoriale t\u00eb [&hellip;]","og_url":"https:\/\/funeraldardha.com\/it\/lapidi-e-monumenti\/","og_site_name":"Funeral Dardha","article_modified_time":"2025-12-08T12:54:41+00:00","og_image":[{"width":2560,"height":1440,"url":"https:\/\/funeraldardha.com\/wp-content\/uploads\/2025\/12\/bg-1-scaled.jpg","type":"image\/jpeg"}],"twitter_card":"summary_large_image","twitter_misc":{"Tempo di lettura stimato":"2 minuti"},"schema":{"@context":"https:\/\/schema.org","@graph":[{"@type":"WebPage","@id":"https:\/\/funeraldardha.com\/gure-varresh-monumente\/","url":"https:\/\/funeraldardha.com\/gure-varresh-monumente\/","name":"Gur\u00eb Varresh &amp; Monumente - Funeral Dardha","isPartOf":{"@id":"https:\/\/funeraldardha.com\/#website"},"primaryImageOfPage":{"@id":"https:\/\/funeraldardha.com\/gure-varresh-monumente\/#primaryimage"},"image":{"@id":"https:\/\/funeraldardha.com\/gure-varresh-monumente\/#primaryimage"},"thumbnailUrl":"https:\/\/funeraldardha.com\/wp-content\/uploads\/2025\/12\/bg-1-scaled.jpg","datePublished":"2025-12-05T22:33:18+00:00","dateModified":"2025-12-08T12:54:41+00:00","breadcrumb":{"@id":"https:\/\/funeraldardha.com\/gure-varresh-monumente\/#breadcrumb"},"inLanguage":"it-IT","potentialAction":[{"@type":"ReadAction","target":["https:\/\/funeraldardha.com\/gure-varresh-monumente\/"]}]},{"@type":"ImageObject","inLanguage":"it-IT","@id":"https:\/\/funeraldardha.com\/gure-varresh-monumente\/#primaryimage","url":"https:\/\/funeraldardha.com\/wp-content\/uploads\/2025\/12\/bg-1-scaled.jpg","contentUrl":"https:\/\/funeraldardha.com\/wp-content\/uploads\/2025\/12\/bg-1-scaled.jpg","width":2560,"height":1440},{"@type":"BreadcrumbList","@id":"https:\/\/funeraldardha.com\/gure-varresh-monumente\/#breadcrumb","itemListElement":[{"@type":"ListItem","position":1,"name":"Home","item":"https:\/\/funeraldardha.com\/"},{"@type":"ListItem","position":2,"name":"Gur\u00eb Varresh &amp; Monumente"}]},{"@type":"WebSite","@id":"https:\/\/funeraldardha.com\/#website","url":"https:\/\/funeraldardha.com\/","name":"Funeral Dardha","description":"","publisher":{"@id":"https:\/\/funeraldardha.com\/#organization"},"potentialAction":[{"@type":"SearchAction","target":{"@type":"EntryPoint","urlTemplate":"https:\/\/funeraldardha.com\/?s={search_term_string}"},"query-input":{"@type":"PropertyValueSpecification","valueRequired":true,"valueName":"search_term_string"}}],"inLanguage":"it-IT"},{"@type":"Organization","@id":"https:\/\/funeraldardha.com\/#organization","name":"Funeral Dardha","url":"https:\/\/funeraldardha.com\/","logo":{"@type":"ImageObject","inLanguage":"it-IT","@id":"https:\/\/funeraldardha.com\/#\/schema\/logo\/image\/","url":"https:\/\/funeraldardha.com\/wp-content\/uploads\/2025\/12\/funeral-dardha-logo-e1765227033328.webp","contentUrl":"https:\/\/funeraldardha.com\/wp-content\/uploads\/2025\/12\/funeral-dardha-logo-e1765227033328.webp","width":580,"height":473,"caption":"Funeral Dardha"},"image":{"@id":"https:\/\/funeraldardha.com\/#\/schema\/logo\/image\/"}}]}},"_links":{"self":[{"href":"https:\/\/funeraldardha.com\/it\/wp-json\/wp\/v2\/pages\/1469","targetHints":{"allow":["GET"]}}],"collection":[{"href":"https:\/\/funeraldardha.com\/it\/wp-json\/wp\/v2\/pages"}],"about":[{"href":"https:\/\/funeraldardha.com\/it\/wp-json\/wp\/v2\/types\/page"}],"author":[{"embeddable":true,"href":"https:\/\/funeraldardha.com\/it\/wp-json\/wp\/v2\/users\/1"}],"replies":[{"embeddable":true,"href":"https:\/\/funeraldardha.com\/it\/wp-json\/wp\/v2\/comments?post=1469"}],"version-history":[{"count":16,"href":"https:\/\/funeraldardha.com\/it\/wp-json\/wp\/v2\/pages\/1469\/revisions"}],"predecessor-version":[{"id":1649,"href":"https:\/\/funeraldardha.com\/it\/wp-json\/wp\/v2\/pages\/1469\/revisions\/1649"}],"wp:featuredmedia":[{"embeddable":true,"href":"https:\/\/funeraldardha.com\/it\/wp-json\/wp\/v2\/media\/1242"}],"wp:attachment":[{"href":"https:\/\/funeraldardha.com\/it\/wp-json\/wp\/v2\/media?parent=1469"}],"curies":[{"name":"wp","href":"https:\/\/api.w.org\/{rel}","templated":true}]}}