{"id":961,"date":"2022-08-31T07:14:16","date_gmt":"2022-08-31T07:14:16","guid":{"rendered":"https:\/\/startersites.io\/elementor\/charity\/?page_id=961"},"modified":"2025-12-08T12:52:57","modified_gmt":"2025-12-08T12:52:57","slug":"servizi-funerari-italia-kosovo","status":"publish","type":"page","link":"https:\/\/funeraldardha.com\/it\/servizi-funerari-italia-kosovo\/","title":{"rendered":"Servizi Funerari Italia Kosovo"},"content":{"rendered":"<div data-elementor-type=\"wp-page\" data-elementor-id=\"961\" class=\"elementor elementor-961\">\n\t\t\t\t<div class=\"elementor-element elementor-element-55b7a04 e-flex e-con-boxed e-con e-parent\" data-id=\"55b7a04\" data-element_type=\"container\" data-e-type=\"container\" data-settings=\"{&quot;background_background&quot;:&quot;classic&quot;}\">\n\t\t\t\t\t<div class=\"e-con-inner\">\n\t\t\t\t<div class=\"elementor-element elementor-element-dddb815 elementor-widget elementor-widget-heading\" data-id=\"dddb815\" data-element_type=\"widget\" data-e-type=\"widget\" data-widget_type=\"heading.default\">\n\t\t\t\t\t<h2 class=\"elementor-heading-title elementor-size-default\">Servizi Funerari Italia \u2013 Kosovo<\/h2>\t\t\t\t<\/div>\n\t\t\t\t<div class=\"elementor-element elementor-element-1ed0627 elementor-widget__width-initial elementor-widget elementor-widget-text-editor\" data-id=\"1ed0627\" data-element_type=\"widget\" data-e-type=\"widget\" data-widget_type=\"text-editor.default\">\n\t\t\t\t\t\t\t\t\t<p data-start=\"462\" data-end=\"806\"><strong data-start=\"462\" data-end=\"806\">Funeral Dardha offre servizi professionali per il trasporto e l\u2019organizzazione delle cerimonie funebri dall\u2019Italia verso il Kosovo.\nGrazie alla nostra esperienza pluriennale, ci occupiamo di ogni fase del processo \u2014 dalla documentazione mortuaria fino alla consegna del defunto ai familiari \u2014 garantendo rispetto, dignit\u00e0 e un\u2019attenzione impeccabile a ogni dettaglio.<\/strong><\/p>\t\t\t\t\t\t\t\t<\/div>\n\t\t\t\t<div class=\"elementor-element elementor-element-b88e539 elementor-mobile-align-center elementor-align-center elementor-widget elementor-widget-button\" data-id=\"b88e539\" data-element_type=\"widget\" data-e-type=\"widget\" data-settings=\"{&quot;_animation_mobile&quot;:&quot;bounceIn&quot;}\" data-widget_type=\"button.default\">\n\t\t\t\t\t\t\t\t\t\t<a class=\"elementor-button elementor-button-link elementor-size-md\" href=\"https:\/\/wa.me\/+393391823603\">\n\t\t\t\t\t\t<span class=\"elementor-button-content-wrapper\">\n\t\t\t\t\t\t<span class=\"elementor-button-icon\">\n\t\t\t\t<svg aria-hidden=\"true\" class=\"e-font-icon-svg e-fas-phone-square\" viewbox=\"0 0 448 512\" xmlns=\"http:\/\/www.w3.org\/2000\/svg\"><path d=\"M400 32H48C21.49 32 0 53.49 0 80v352c0 26.51 21.49 48 48 48h352c26.51 0 48-21.49 48-48V80c0-26.51-21.49-48-48-48zM94 416c-7.033 0-13.057-4.873-14.616-11.627l-14.998-65a15 15 0 0 1 8.707-17.16l69.998-29.999a15 15 0 0 1 17.518 4.289l30.997 37.885c48.944-22.963 88.297-62.858 110.781-110.78l-37.886-30.997a15.001 15.001 0 0 1-4.289-17.518l30-69.998a15 15 0 0 1 17.16-8.707l65 14.998A14.997 14.997 0 0 1 384 126c0 160.292-129.945 290-290 290z\"><\/path><\/svg>\t\t\t<\/span>\n\t\t\t\t\t\t\t\t\t<span class=\"elementor-button-text\">WhatsApp<\/span>\n\t\t\t\t\t<\/span>\n\t\t\t\t\t<\/a>\n\t\t\t\t\t\t\t\t<\/div>\n\t\t\t\t\t<\/div>\n\t\t\t\t<\/div>\n\t\t<div class=\"elementor-element elementor-element-d59b0cb e-flex e-con-boxed e-con e-parent\" data-id=\"d59b0cb\" data-element_type=\"container\" data-e-type=\"container\" data-settings=\"{&quot;animation_mobile&quot;:&quot;fadeInLeft&quot;}\">\n\t\t\t\t\t<div class=\"e-con-inner\">\n\t\t<div class=\"elementor-element elementor-element-e55f7a6 e-con-full e-flex e-con e-child\" data-id=\"e55f7a6\" data-element_type=\"container\" data-e-type=\"container\">\n\t\t\t\t<div class=\"elementor-element elementor-element-32dfca5 elementor-widget elementor-widget-heading\" data-id=\"32dfca5\" data-element_type=\"widget\" data-e-type=\"widget\" data-widget_type=\"heading.default\">\n\t\t\t\t\t<h2 class=\"elementor-heading-title elementor-size-default\">Trasporto Funebre Internazionale (Italia \u2192 Kosovo)<\/h2>\t\t\t\t<\/div>\n\t\t\t\t<div class=\"elementor-element elementor-element-a7dec03 elementor-widget elementor-widget-text-editor\" data-id=\"a7dec03\" data-element_type=\"widget\" data-e-type=\"widget\" data-widget_type=\"text-editor.default\">\n\t\t\t\t\t\t\t\t\t<p>Trasporto Funebre Internazionale (Italia \u2192 Kosovo)<\/p><p>Il nostro obiettivo \u00e8 di alleggerire il peso delle famiglie nei momenti pi\u00f9 difficili, assicurando che ogni procedura venga eseguita con grande professionalit\u00e0 e massima cura.<\/p>\t\t\t\t\t\t\t\t<\/div>\n\t\t\t\t<\/div>\n\t\t<div class=\"elementor-element elementor-element-6093a4e e-con-full e-flex e-con e-child\" data-id=\"6093a4e\" data-element_type=\"container\" data-e-type=\"container\" data-settings=\"{&quot;background_background&quot;:&quot;classic&quot;}\">\n\t\t\t\t<\/div>\n\t\t\t\t\t<\/div>\n\t\t\t\t<\/div>\n\t\t<div class=\"elementor-element elementor-element-1842075 elementor-hidden-desktop elementor-hidden-tablet e-flex e-con-boxed e-con e-parent\" data-id=\"1842075\" data-element_type=\"container\" data-e-type=\"container\" data-settings=\"{&quot;animation_mobile&quot;:&quot;fadeInRight&quot;}\">\n\t\t\t\t\t<div class=\"e-con-inner\">\n\t\t<div class=\"elementor-element elementor-element-3d0bdb3 e-con-full e-flex e-con e-child\" data-id=\"3d0bdb3\" data-element_type=\"container\" data-e-type=\"container\">\n\t\t\t\t<div class=\"elementor-element elementor-element-5be45ef elementor-widget elementor-widget-heading\" data-id=\"5be45ef\" data-element_type=\"widget\" data-e-type=\"widget\" data-widget_type=\"heading.default\">\n\t\t\t\t\t<h2 class=\"elementor-heading-title elementor-size-default\">Servizi Funebri in Kosovo<\/h2>\t\t\t\t<\/div>\n\t\t\t\t<div class=\"elementor-element elementor-element-5548466 elementor-widget elementor-widget-text-editor\" data-id=\"5548466\" data-element_type=\"widget\" data-e-type=\"widget\" data-widget_type=\"text-editor.default\">\n\t\t\t\t\t\t\t\t\t<p>Dopo l\u2019arrivo in Kosovo, Funeral Dardha assiste la famiglia nell\u2019organizzazione della cerimonia secondo le tradizioni richieste.\nCi occupiamo della preparazione del defunto, degli addobbi floreali, del coordinamento con gli imam o sacerdoti, dell\u2019allestimento degli ambienti e del trasporto locale.<\/p><p>Ogni dettaglio viene curato con responsabilit\u00e0 e attenzione, per creare un percorso sereno e dignitoso per l\u2019ultimo saluto al proprio caro.<\/p>\t\t\t\t\t\t\t\t<\/div>\n\t\t\t\t<\/div>\n\t\t<div class=\"elementor-element elementor-element-d33c81b e-con-full e-flex e-con e-child\" data-id=\"d33c81b\" data-element_type=\"container\" data-e-type=\"container\" data-settings=\"{&quot;background_background&quot;:&quot;classic&quot;}\">\n\t\t\t\t<\/div>\n\t\t\t\t\t<\/div>\n\t\t\t\t<\/div>\n\t\t<div class=\"elementor-element elementor-element-962ad77 elementor-hidden-mobile e-flex e-con-boxed e-con e-parent\" data-id=\"962ad77\" data-element_type=\"container\" data-e-type=\"container\">\n\t\t\t\t\t<div class=\"e-con-inner\">\n\t\t<div class=\"elementor-element elementor-element-4b8d2fc e-con-full e-flex e-con e-child\" data-id=\"4b8d2fc\" data-element_type=\"container\" data-e-type=\"container\" data-settings=\"{&quot;background_background&quot;:&quot;classic&quot;}\">\n\t\t\t\t<\/div>\n\t\t<div class=\"elementor-element elementor-element-5af0957 e-con-full e-flex e-con e-child\" data-id=\"5af0957\" data-element_type=\"container\" data-e-type=\"container\">\n\t\t\t\t<div class=\"elementor-element elementor-element-8e1b2fd elementor-widget elementor-widget-heading\" data-id=\"8e1b2fd\" data-element_type=\"widget\" data-e-type=\"widget\" data-widget_type=\"heading.default\">\n\t\t\t\t\t<h2 class=\"elementor-heading-title elementor-size-default\">Servizi Funebri in Kosovo<\/h2>\t\t\t\t<\/div>\n\t\t\t\t<div class=\"elementor-element elementor-element-76f7a3c elementor-widget elementor-widget-text-editor\" data-id=\"76f7a3c\" data-element_type=\"widget\" data-e-type=\"widget\" data-widget_type=\"text-editor.default\">\n\t\t\t\t\t\t\t\t\t<p>Dopo l\u2019arrivo in Kosovo, Funeral Dardha assiste la famiglia nell\u2019organizzazione della cerimonia secondo le tradizioni richieste.\nCi occupiamo della preparazione del defunto, degli addobbi floreali, del coordinamento con gli imam o sacerdoti, dell\u2019allestimento degli ambienti e del trasporto locale.<\/p><p>Ogni dettaglio viene curato con responsabilit\u00e0 e attenzione, per creare un percorso sereno e dignitoso per l\u2019ultimo saluto al proprio caro.<\/p>\t\t\t\t\t\t\t\t<\/div>\n\t\t\t\t<\/div>\n\t\t\t\t\t<\/div>\n\t\t\t\t<\/div>\n\t\t\t\t<\/div>","protected":false},"excerpt":{"rendered":"<p>Sh\u00ebrbime Funerali Itali \u2013 Kosov\u00eb Funeral Dardha ofron sh\u00ebrbime profesionale funerale p\u00ebr transportin dhe organizimin e ceremonive nga Italia drejt Kosov\u00ebs. Me p\u00ebrvoj\u00eb t\u00eb gjat\u00eb dhe nj\u00eb ekip t\u00eb specializuar, kujdesemi p\u00ebr \u00e7do hap t\u00eb procesit \u2013 nga dokumentet mortore deri te dor\u00ebzimi i t\u00eb ndjerit pran\u00eb familjes \u2013 duke garantuar respekt, dinjitet dhe p\u00ebrkushtim [&hellip;]<\/p>\n","protected":false},"author":1,"featured_media":1348,"parent":0,"menu_order":0,"comment_status":"closed","ping_status":"closed","template":"","meta":{"footnotes":""},"class_list":["post-961","page","type-page","status-publish","has-post-thumbnail","hentry"],"blocksy_meta":{"styles_descriptor":{"styles":{"desktop":"","tablet":"","mobile":""},"google_fonts":[],"version":6}},"yoast_head":"<!-- This site is optimized with the Yoast SEO plugin v27.2 - https:\/\/yoast.com\/product\/yoast-seo-wordpress\/ -->\n<title>Sh\u00ebrbime Funerali Itali Kosov\u00eb | Transport &amp; Asistenc\u00eb 24\/7<\/title>\n<meta name=\"description\" content=\"Sh\u00ebrbime funerali Itali Kosov\u00eb me transport profesional, dokumentacion, procedura dhe mb\u00ebshtetje t\u00eb plot\u00eb p\u00ebr varrim n\u00eb Kosov\u00eb.\" \/>\n<meta name=\"robots\" content=\"index, follow, max-snippet:-1, max-image-preview:large, max-video-preview:-1\" \/>\n<link rel=\"canonical\" href=\"https:\/\/funeraldardha.com\/it\/servizi-funerari-italia-kosovo\/\" \/>\n<meta property=\"og:locale\" content=\"it_IT\" \/>\n<meta property=\"og:type\" content=\"article\" \/>\n<meta property=\"og:title\" content=\"Sh\u00ebrbime Funerali Itali Kosov\u00eb | Transport &amp; Asistenc\u00eb 24\/7\" \/>\n<meta property=\"og:description\" content=\"Sh\u00ebrbime funerali Itali Kosov\u00eb me transport profesional, dokumentacion, procedura dhe mb\u00ebshtetje t\u00eb plot\u00eb p\u00ebr varrim n\u00eb Kosov\u00eb.\" \/>\n<meta property=\"og:url\" content=\"https:\/\/funeraldardha.com\/it\/servizi-funerari-italia-kosovo\/\" \/>\n<meta property=\"og:site_name\" content=\"Funeral Dardha\" \/>\n<meta property=\"article:modified_time\" content=\"2025-12-08T12:52:57+00:00\" \/>\n<meta property=\"og:image\" content=\"https:\/\/funeraldardha.com\/wp-content\/uploads\/2025\/12\/funeral-car-transport.jpg\" \/>\n\t<meta property=\"og:image:width\" content=\"640\" \/>\n\t<meta property=\"og:image:height\" content=\"479\" \/>\n\t<meta property=\"og:image:type\" content=\"image\/jpeg\" \/>\n<meta name=\"twitter:card\" content=\"summary_large_image\" \/>\n<meta name=\"twitter:label1\" content=\"Tempo di lettura stimato\" \/>\n\t<meta name=\"twitter:data1\" content=\"2 minuti\" \/>\n<script type=\"application\/ld+json\" class=\"yoast-schema-graph\">{\"@context\":\"https:\/\/schema.org\",\"@graph\":[{\"@type\":\"WebPage\",\"@id\":\"https:\/\/funeraldardha.com\/sherbime-funerali-itali-kosove\/\",\"url\":\"https:\/\/funeraldardha.com\/sherbime-funerali-itali-kosove\/\",\"name\":\"Sh\u00ebrbime Funerali Itali Kosov\u00eb | Transport & Asistenc\u00eb 24\/7\",\"isPartOf\":{\"@id\":\"https:\/\/funeraldardha.com\/#website\"},\"primaryImageOfPage\":{\"@id\":\"https:\/\/funeraldardha.com\/sherbime-funerali-itali-kosove\/#primaryimage\"},\"image\":{\"@id\":\"https:\/\/funeraldardha.com\/sherbime-funerali-itali-kosove\/#primaryimage\"},\"thumbnailUrl\":\"https:\/\/funeraldardha.com\/wp-content\/uploads\/2025\/12\/funeral-car-transport.jpg\",\"datePublished\":\"2022-08-31T07:14:16+00:00\",\"dateModified\":\"2025-12-08T12:52:57+00:00\",\"description\":\"Sh\u00ebrbime funerali Itali Kosov\u00eb me transport profesional, dokumentacion, procedura dhe mb\u00ebshtetje t\u00eb plot\u00eb p\u00ebr varrim n\u00eb Kosov\u00eb.\",\"breadcrumb\":{\"@id\":\"https:\/\/funeraldardha.com\/sherbime-funerali-itali-kosove\/#breadcrumb\"},\"inLanguage\":\"it-IT\",\"potentialAction\":[{\"@type\":\"ReadAction\",\"target\":[\"https:\/\/funeraldardha.com\/sherbime-funerali-itali-kosove\/\"]}]},{\"@type\":\"ImageObject\",\"inLanguage\":\"it-IT\",\"@id\":\"https:\/\/funeraldardha.com\/sherbime-funerali-itali-kosove\/#primaryimage\",\"url\":\"https:\/\/funeraldardha.com\/wp-content\/uploads\/2025\/12\/funeral-car-transport.jpg\",\"contentUrl\":\"https:\/\/funeraldardha.com\/wp-content\/uploads\/2025\/12\/funeral-car-transport.jpg\",\"width\":640,\"height\":479},{\"@type\":\"BreadcrumbList\",\"@id\":\"https:\/\/funeraldardha.com\/sherbime-funerali-itali-kosove\/#breadcrumb\",\"itemListElement\":[{\"@type\":\"ListItem\",\"position\":1,\"name\":\"Home\",\"item\":\"https:\/\/funeraldardha.com\/\"},{\"@type\":\"ListItem\",\"position\":2,\"name\":\"Sherbime Funerali Itali Kosov\u00eb\"}]},{\"@type\":\"WebSite\",\"@id\":\"https:\/\/funeraldardha.com\/#website\",\"url\":\"https:\/\/funeraldardha.com\/\",\"name\":\"Funeral Dardha\",\"description\":\"\",\"publisher\":{\"@id\":\"https:\/\/funeraldardha.com\/#organization\"},\"potentialAction\":[{\"@type\":\"SearchAction\",\"target\":{\"@type\":\"EntryPoint\",\"urlTemplate\":\"https:\/\/funeraldardha.com\/?s={search_term_string}\"},\"query-input\":{\"@type\":\"PropertyValueSpecification\",\"valueRequired\":true,\"valueName\":\"search_term_string\"}}],\"inLanguage\":\"it-IT\"},{\"@type\":\"Organization\",\"@id\":\"https:\/\/funeraldardha.com\/#organization\",\"name\":\"Funeral Dardha\",\"url\":\"https:\/\/funeraldardha.com\/\",\"logo\":{\"@type\":\"ImageObject\",\"inLanguage\":\"it-IT\",\"@id\":\"https:\/\/funeraldardha.com\/#\/schema\/logo\/image\/\",\"url\":\"https:\/\/funeraldardha.com\/wp-content\/uploads\/2025\/12\/funeral-dardha-logo-e1765227033328.webp\",\"contentUrl\":\"https:\/\/funeraldardha.com\/wp-content\/uploads\/2025\/12\/funeral-dardha-logo-e1765227033328.webp\",\"width\":580,\"height\":473,\"caption\":\"Funeral Dardha\"},\"image\":{\"@id\":\"https:\/\/funeraldardha.com\/#\/schema\/logo\/image\/\"}}]}<\/script>\n<!-- \/ Yoast SEO plugin. -->","yoast_head_json":{"title":"Servizi Funebri Italia Kosovo | Trasporto &amp; Assistenza 24\/7","description":"Servizi funebri Italia Kosovo con trasporto professionale, pratiche, documenti e assistenza completa per la sepoltura in Kosovo.","robots":{"index":"index","follow":"follow","max-snippet":"max-snippet:-1","max-image-preview":"max-image-preview:large","max-video-preview":"max-video-preview:-1"},"canonical":"https:\/\/funeraldardha.com\/it\/servizi-funerari-italia-kosovo\/","og_locale":"it_IT","og_type":"article","og_title":"Sh\u00ebrbime Funerali Itali Kosov\u00eb | Transport & Asistenc\u00eb 24\/7","og_description":"Sh\u00ebrbime funerali Itali Kosov\u00eb me transport profesional, dokumentacion, procedura dhe mb\u00ebshtetje t\u00eb plot\u00eb p\u00ebr varrim n\u00eb Kosov\u00eb.","og_url":"https:\/\/funeraldardha.com\/it\/servizi-funerari-italia-kosovo\/","og_site_name":"Funeral Dardha","article_modified_time":"2025-12-08T12:52:57+00:00","og_image":[{"width":640,"height":479,"url":"https:\/\/funeraldardha.com\/wp-content\/uploads\/2025\/12\/funeral-car-transport.jpg","type":"image\/jpeg"}],"twitter_card":"summary_large_image","twitter_misc":{"Tempo di lettura stimato":"2 minuti"},"schema":{"@context":"https:\/\/schema.org","@graph":[{"@type":"WebPage","@id":"https:\/\/funeraldardha.com\/sherbime-funerali-itali-kosove\/","url":"https:\/\/funeraldardha.com\/sherbime-funerali-itali-kosove\/","name":"Servizi Funebri Italia Kosovo | Trasporto &amp; Assistenza 24\/7","isPartOf":{"@id":"https:\/\/funeraldardha.com\/#website"},"primaryImageOfPage":{"@id":"https:\/\/funeraldardha.com\/sherbime-funerali-itali-kosove\/#primaryimage"},"image":{"@id":"https:\/\/funeraldardha.com\/sherbime-funerali-itali-kosove\/#primaryimage"},"thumbnailUrl":"https:\/\/funeraldardha.com\/wp-content\/uploads\/2025\/12\/funeral-car-transport.jpg","datePublished":"2022-08-31T07:14:16+00:00","dateModified":"2025-12-08T12:52:57+00:00","description":"Servizi funebri Italia Kosovo con trasporto professionale, pratiche, documenti e assistenza completa per la sepoltura in Kosovo.","breadcrumb":{"@id":"https:\/\/funeraldardha.com\/sherbime-funerali-itali-kosove\/#breadcrumb"},"inLanguage":"it-IT","potentialAction":[{"@type":"ReadAction","target":["https:\/\/funeraldardha.com\/sherbime-funerali-itali-kosove\/"]}]},{"@type":"ImageObject","inLanguage":"it-IT","@id":"https:\/\/funeraldardha.com\/sherbime-funerali-itali-kosove\/#primaryimage","url":"https:\/\/funeraldardha.com\/wp-content\/uploads\/2025\/12\/funeral-car-transport.jpg","contentUrl":"https:\/\/funeraldardha.com\/wp-content\/uploads\/2025\/12\/funeral-car-transport.jpg","width":640,"height":479},{"@type":"BreadcrumbList","@id":"https:\/\/funeraldardha.com\/sherbime-funerali-itali-kosove\/#breadcrumb","itemListElement":[{"@type":"ListItem","position":1,"name":"Home","item":"https:\/\/funeraldardha.com\/"},{"@type":"ListItem","position":2,"name":"Sherbime Funerali Itali Kosov\u00eb"}]},{"@type":"WebSite","@id":"https:\/\/funeraldardha.com\/#website","url":"https:\/\/funeraldardha.com\/","name":"Funeral Dardha","description":"","publisher":{"@id":"https:\/\/funeraldardha.com\/#organization"},"potentialAction":[{"@type":"SearchAction","target":{"@type":"EntryPoint","urlTemplate":"https:\/\/funeraldardha.com\/?s={search_term_string}"},"query-input":{"@type":"PropertyValueSpecification","valueRequired":true,"valueName":"search_term_string"}}],"inLanguage":"it-IT"},{"@type":"Organization","@id":"https:\/\/funeraldardha.com\/#organization","name":"Funeral Dardha","url":"https:\/\/funeraldardha.com\/","logo":{"@type":"ImageObject","inLanguage":"it-IT","@id":"https:\/\/funeraldardha.com\/#\/schema\/logo\/image\/","url":"https:\/\/funeraldardha.com\/wp-content\/uploads\/2025\/12\/funeral-dardha-logo-e1765227033328.webp","contentUrl":"https:\/\/funeraldardha.com\/wp-content\/uploads\/2025\/12\/funeral-dardha-logo-e1765227033328.webp","width":580,"height":473,"caption":"Funeral Dardha"},"image":{"@id":"https:\/\/funeraldardha.com\/#\/schema\/logo\/image\/"}}]}},"_links":{"self":[{"href":"https:\/\/funeraldardha.com\/it\/wp-json\/wp\/v2\/pages\/961","targetHints":{"allow":["GET"]}}],"collection":[{"href":"https:\/\/funeraldardha.com\/it\/wp-json\/wp\/v2\/pages"}],"about":[{"href":"https:\/\/funeraldardha.com\/it\/wp-json\/wp\/v2\/types\/page"}],"author":[{"embeddable":true,"href":"https:\/\/funeraldardha.com\/it\/wp-json\/wp\/v2\/users\/1"}],"replies":[{"embeddable":true,"href":"https:\/\/funeraldardha.com\/it\/wp-json\/wp\/v2\/comments?post=961"}],"version-history":[{"count":47,"href":"https:\/\/funeraldardha.com\/it\/wp-json\/wp\/v2\/pages\/961\/revisions"}],"predecessor-version":[{"id":1637,"href":"https:\/\/funeraldardha.com\/it\/wp-json\/wp\/v2\/pages\/961\/revisions\/1637"}],"wp:featuredmedia":[{"embeddable":true,"href":"https:\/\/funeraldardha.com\/it\/wp-json\/wp\/v2\/media\/1348"}],"wp:attachment":[{"href":"https:\/\/funeraldardha.com\/it\/wp-json\/wp\/v2\/media?parent=961"}],"curies":[{"name":"wp","href":"https:\/\/api.w.org\/{rel}","templated":true}]}}